{"id":842,"date":"2020-10-03T14:48:58","date_gmt":"2020-10-03T14:48:58","guid":{"rendered":"http:\/\/demo.athemes.com\/sp-plumber\/?page_id=7"},"modified":"2025-02-17T19:40:23","modified_gmt":"2025-02-17T19:40:23","slug":"home","status":"publish","type":"page","link":"https:\/\/bconsultm.com\/en\/","title":{"rendered":"Home"},"content":{"rendered":"<h4>Votre vision est claire, mais l\u2019ex\u00e9cution vous ralentit ?<\/h4>\n<p>90% des strat\u00e9gies \u00e9chouent non pas \u00e0 cause de leur qualit\u00e9, mais \u00e0 cause <br \/>d\u2019une ex\u00e9cution inefficace.<\/p>\n<p>\t\t\t\t\t<a href=\"#\"><br \/>\n\t\t\t\t\t\t\t\t\tPrenez rendez-vous gratuitement<br \/>\n\t\t\t\t\t<\/a><\/p>\n<h2>Pourquoi l\u2019ex\u00e9cution est le probl\u00e8me n\u00b01 des dirigeants ?<br \/>\n<\/h2>\n<p>D\u00e9cisions non traduites en actions ? Priorit\u00e9s changeantes ? Manque de suivi efficace ? <br \/>D\u00e9couvrez comment une strat\u00e9gie d&#8217;ex\u00e9cution transforme votre entreprise.<\/p>\n<h2>Ce que j&#8217;apporte<\/h2>\n<p>\t\t\t\t\t<!DOCTYPE html><br \/>\n<html lang=\"fr\"><br \/>\n<head><br \/>\n    <meta charset=\"UTF-8\"><br \/>\n    <meta name=\"viewport\" content=\"width=device-width, initial-scale=1.0\"><br \/>\n    <title>Business Consulting Management<\/title><\/p>\n<style>\n        body {\n            font-family: \"Open Sans\", sans-serif;\n            margin: 40px;\n            line-height: 1.6;\n            color: #333;\n        }\n        .content {\n            max-width: 800px;\n            margin: auto;\n            padding: 20px;\n            background: #ffffff;\n            box-shadow: 0 0 10px rgba(0, 0, 0, 0.1);\n            border-radius: 8px;\n        }\n        p {\n            margin-bottom: 20px;\n        }\n        strong {\n            font-weight: bold;\n            color: #20404b; \/* Bleu professionnel *\/\n        }\n    <\/style>\n<p><\/head><br \/>\n<body><\/p>\n<p><strong>Business Consulting Management<\/strong> vous accompagne <strong>dirigeants de TPE, PME et Startup<\/strong> dans le choix des meilleures options strat\u00e9giques et la traduction de votre vision en actions concr\u00e8tes pour assurer la <strong>croissance<\/strong> et la <strong>p\u00e9rennit\u00e9<\/strong> de votre entreprise.<\/p>\n<p>Que ce soit pour <strong>structurer votre mod\u00e8le \u00e9conomique<\/strong>, <strong>ex\u00e9cuter efficacement votre strat\u00e9gie<\/strong> ou <strong>transformer votre organisation<\/strong>, nos trois offres de services sont con\u00e7ues pour r\u00e9pondre \u00e0 vos enjeux sp\u00e9cifiques et g\u00e9n\u00e9rer des <strong>r\u00e9sultats concrets<\/strong> \u00e0 <strong>court, moyen et long terme<\/strong>.<\/p>\n<p><\/body><br \/>\n<\/html><br \/>\n\t\t\t\t\t\t\t\t\t\t\t\t\t\t\t<img data-recalc-dims=\"1\" fetchpriority=\"high\" decoding=\"async\" width=\"1024\" height=\"585\" src=\"https:\/\/i0.wp.com\/bconsultm.com\/wp-content\/uploads\/2025\/01\/DALL%C2%B7E-2025-01-30-00.40.11-A-professional-modern-office-background-with-a-sleek-and-minimalistic-design.-The-image-should-feature-an-interior-of-a-corporate-workspace-with-clea.webp?resize=1024%2C585&#038;ssl=1\" alt=\"\" srcset=\"https:\/\/bconsultm.com\/wp-content\/uploads\/2025\/01\/DALL\u00b7E-2025-01-30-00.40.11-A-professional-modern-office-background-with-a-sleek-and-minimalistic-design.-The-image-should-feature-an-interior-of-a-corporate-workspace-with-clea-1024x585.webp 1024w, https:\/\/bconsultm.com\/wp-content\/uploads\/2025\/01\/DALL\u00b7E-2025-01-30-00.40.11-A-professional-modern-office-background-with-a-sleek-and-minimalistic-design.-The-image-should-feature-an-interior-of-a-corporate-workspace-with-clea-300x171.webp 300w, https:\/\/bconsultm.com\/wp-content\/uploads\/2025\/01\/DALL\u00b7E-2025-01-30-00.40.11-A-professional-modern-office-background-with-a-sleek-and-minimalistic-design.-The-image-should-feature-an-interior-of-a-corporate-workspace-with-clea-768x439.webp 768w, https:\/\/bconsultm.com\/wp-content\/uploads\/2025\/01\/DALL\u00b7E-2025-01-30-00.40.11-A-professional-modern-office-background-with-a-sleek-and-minimalistic-design.-The-image-should-feature-an-interior-of-a-corporate-workspace-with-clea-1536x878.webp 1536w, https:\/\/bconsultm.com\/wp-content\/uploads\/2025\/01\/DALL\u00b7E-2025-01-30-00.40.11-A-professional-modern-office-background-with-a-sleek-and-minimalistic-design.-The-image-should-feature-an-interior-of-a-corporate-workspace-with-clea-1000x571.webp 1000w, https:\/\/bconsultm.com\/wp-content\/uploads\/2025\/01\/DALL\u00b7E-2025-01-30-00.40.11-A-professional-modern-office-background-with-a-sleek-and-minimalistic-design.-The-image-should-feature-an-interior-of-a-corporate-workspace-with-clea-230x131.webp 230w, https:\/\/bconsultm.com\/wp-content\/uploads\/2025\/01\/DALL\u00b7E-2025-01-30-00.40.11-A-professional-modern-office-background-with-a-sleek-and-minimalistic-design.-The-image-should-feature-an-interior-of-a-corporate-workspace-with-clea-350x200.webp 350w, https:\/\/bconsultm.com\/wp-content\/uploads\/2025\/01\/DALL\u00b7E-2025-01-30-00.40.11-A-professional-modern-office-background-with-a-sleek-and-minimalistic-design.-The-image-should-feature-an-interior-of-a-corporate-workspace-with-clea-480x274.webp 480w, https:\/\/bconsultm.com\/wp-content\/uploads\/2025\/01\/DALL\u00b7E-2025-01-30-00.40.11-A-professional-modern-office-background-with-a-sleek-and-minimalistic-design.-The-image-should-feature-an-interior-of-a-corporate-workspace-with-clea.webp 1792w\" sizes=\"(max-width: 1024px) 100vw, 1024px\" \/>\t\t\t\t\t\t\t\t\t\t\t\t\t\t\t<\/p>\n<h4>\n\t\t\t\t\t\t<a href=\"https:\/\/bconsultm.com\/en\/services\/\" ><br \/>\n\t\t\t\t\t\t\tUne feuille de route claire\t\t\t\t\t\t<\/a><br \/>\n\t\t\t\t\t<\/h4>\n<p>\n\t\t\t\t\t\tPoser les bases strat\u00e9giques en clarifiant votre mod\u00e8le \u00e9conomique et vos priorit\u00e9s imm\u00e9diates.\t\t\t\t\t<\/p>\n<h4>\n\t\t\t\t\t\t<a href=\"https:\/\/bconsultm.com\/en\/services\/\" ><br \/>\n\t\t\t\t\t\t\tUn suivi structur\u00e9\t\t\t\t\t\t<\/a><br \/>\n\t\t\t\t\t<\/h4>\n<p>\n\t\t\t\t\t\tAligner vos priorit\u00e9s strat\u00e9giques et op\u00e9rationnelles pour des r\u00e9sultats concrets et mesurables.\t\t\t\t\t<\/p>\n<h4>\n\t\t\t\t\t\t<a href=\"https:\/\/bconsultm.com\/en\/services\/\" ><br \/>\n\t\t\t\t\t\t\tUne transformation compl\u00e8te\t\t\t\t\t\t<\/a><br \/>\n\t\t\t\t\t<\/h4>\n<p>\n\t\t\t\t\t\tR\u00e9inventer votre entreprise pour atteindre une performance durable et maximiser vos r\u00e9sultats.\t\t\t\t\t<\/p>\n<h2>Pourquoi me faire confiance<\/h2>\n<p>+30% d\u2019efficacit\u00e9 en moyenne chez mes clients | Exp\u00e9rience issue de l\u2019ESSEC, HEC, Harvard Business School Online<\/p>\n<h2>Pr\u00eat \u00e0 structurer votre ex\u00e9cution et acc\u00e9l\u00e9rer votre croissance<\/h2>\n<p>Ne laissez pas votre vision rester une id\u00e9e. Transformons-la en succ\u00e8s concret.<\/p>\n<p>\t\t\t\t\t<a href=\"#\"><br \/>\n\t\t\t\t\t\t\t\t\tPrenez rendez-vous gratuitement<br \/>\n\t\t\t\t\t<\/a><\/p>\n<h2>Plumber<\/h2>\n<p>Adipiscing elit, sed do eiusmod tempor incididunt ut labore et dolore magna aliqua. Quis ipsum suspendisse ultrices gravida.<\/p>\n<p>\t\t\t\t\t<a target=\"_blank\"><br \/>\n\t\t\t\t\t\tFacebook<br \/>\n\t\t\t\t\t\t<svg viewbox=\"0 0 512 512\" xmlns=\"http:\/\/www.w3.org\/2000\/svg\"><path d=\"M504 256C504 119 393 8 256 8S8 119 8 256c0 123.78 90.69 226.38 209.25 245V327.69h-63V256h63v-54.64c0-62.15 37-96.48 93.67-96.48 27.14 0 55.52 4.84 55.52 4.84v61h-31.28c-30.8 0-40.41 19.12-40.41 38.73V256h68.78l-11 71.69h-57.78V501C413.31 482.38 504 379.78 504 256z\"><\/path><\/svg>\t\t\t\t\t<\/a><br \/>\n\t\t\t\t\t<a target=\"_blank\"><br \/>\n\t\t\t\t\t\tTwitter<br \/>\n\t\t\t\t\t\t<svg viewbox=\"0 0 512 512\" xmlns=\"http:\/\/www.w3.org\/2000\/svg\"><path d=\"M459.37 151.716c.325 4.548.325 9.097.325 13.645 0 138.72-105.583 298.558-298.558 298.558-59.452 0-114.68-17.219-161.137-47.106 8.447.974 16.568 1.299 25.34 1.299 49.055 0 94.213-16.568 130.274-44.832-46.132-.975-84.792-31.188-98.112-72.772 6.498.974 12.995 1.624 19.818 1.624 9.421 0 18.843-1.3 27.614-3.573-48.081-9.747-84.143-51.98-84.143-102.985v-1.299c13.969 7.797 30.214 12.67 47.431 13.319-28.264-18.843-46.781-51.005-46.781-87.391 0-19.492 5.197-37.36 14.294-52.954 51.655 63.675 129.3 105.258 216.365 109.807-1.624-7.797-2.599-15.918-2.599-24.04 0-57.828 46.782-104.934 104.934-104.934 30.213 0 57.502 12.67 76.67 33.137 23.715-4.548 46.456-13.32 66.599-25.34-7.798 24.366-24.366 44.833-46.132 57.827 21.117-2.273 41.584-8.122 60.426-16.243-14.292 20.791-32.161 39.308-52.628 54.253z\"><\/path><\/svg>\t\t\t\t\t<\/a><br \/>\n\t\t\t\t\t<a target=\"_blank\"><br \/>\n\t\t\t\t\t\tInstagram<br \/>\n\t\t\t\t\t\t<svg viewbox=\"0 0 448 512\" xmlns=\"http:\/\/www.w3.org\/2000\/svg\"><path d=\"M224.1 141c-63.6 0-114.9 51.3-114.9 114.9s51.3 114.9 114.9 114.9S339 319.5 339 255.9 287.7 141 224.1 141zm0 189.6c-41.1 0-74.7-33.5-74.7-74.7s33.5-74.7 74.7-74.7 74.7 33.5 74.7 74.7-33.6 74.7-74.7 74.7zm146.4-194.3c0 14.9-12 26.8-26.8 26.8-14.9 0-26.8-12-26.8-26.8s12-26.8 26.8-26.8 26.8 12 26.8 26.8zm76.1 27.2c-1.7-35.9-9.9-67.7-36.2-93.9-26.2-26.2-58-34.4-93.9-36.2-37-2.1-147.9-2.1-184.9 0-35.8 1.7-67.6 9.9-93.9 36.1s-34.4 58-36.2 93.9c-2.1 37-2.1 147.9 0 184.9 1.7 35.9 9.9 67.7 36.2 93.9s58 34.4 93.9 36.2c37 2.1 147.9 2.1 184.9 0 35.9-1.7 67.7-9.9 93.9-36.2 26.2-26.2 34.4-58 36.2-93.9 2.1-37 2.1-147.8 0-184.8zM398.8 388c-7.8 19.6-22.9 34.7-42.6 42.6-29.5 11.7-99.5 9-132.1 9s-102.7 2.6-132.1-9c-19.6-7.8-34.7-22.9-42.6-42.6-11.7-29.5-9-99.5-9-132.1s-2.6-102.7 9-132.1c7.8-19.6 22.9-34.7 42.6-42.6 29.5-11.7 99.5-9 132.1-9s102.7-2.6 132.1 9c19.6 7.8 34.7 22.9 42.6 42.6 11.7 29.5 9 99.5 9 132.1s2.7 102.7-9 132.1z\"><\/path><\/svg>\t\t\t\t\t<\/a><br \/>\n\t\t\t\t\t<a target=\"_blank\"><br \/>\n\t\t\t\t\t\tGoogle<br \/>\n\t\t\t\t\t\t<svg viewbox=\"0 0 488 512\" xmlns=\"http:\/\/www.w3.org\/2000\/svg\"><path d=\"M488 261.8C488 403.3 391.1 504 248 504 110.8 504 0 393.2 0 256S110.8 8 248 8c66.8 0 123 24.5 166.3 64.9l-67.5 64.9C258.5 52.6 94.3 116.6 94.3 256c0 86.5 69.1 156.6 153.7 156.6 98.2 0 135-70.4 140.8-106.9H248v-85.3h236.1c2.3 12.7 3.9 24.9 3.9 41.4z\"><\/path><\/svg>\t\t\t\t\t<\/a><\/p>\n<h2>Company<\/h2>\n<p>About<br \/>Team<br \/>Contact us<br \/>Locations<\/p>\n<h2>Services<\/h2>\n<p>Pilke leaking<br \/>Drain cleaning<br \/>Toilet leaking<br \/>Overflowing<\/p>\n<h2>Newsletter<\/h2>\n<p>Dolor amet, consectetur adipiscing elit sed do eiusmod tempor incididunt<\/p>","protected":false},"excerpt":{"rendered":"<p>Votre vision est claire, mais l\u2019ex\u00e9cution vous ralentit ? 90% des strat\u00e9gies \u00e9chouent non pas \u00e0 cause de leur qualit\u00e9, mais \u00e0 cause d\u2019une ex\u00e9cution inefficace. Prenez rendez-vous gratuitement Pourquoi l\u2019ex\u00e9cution est le probl\u00e8me n\u00b01 des dirigeants ? D\u00e9cisions non traduites en actions ? Priorit\u00e9s changeantes ? Manque de suivi efficace ? D\u00e9couvrez comment une [&hellip;]<\/p>\n","protected":false},"author":1,"featured_media":0,"parent":0,"menu_order":0,"comment_status":"closed","ping_status":"closed","template":"page-templates\/page_front-page.php","meta":{"nf_dc_page":"","_uag_custom_page_level_css":"","footnotes":""},"class_list":["post-842","page","type-page","status-publish","hentry"],"uagb_featured_image_src":{"full":false,"thumbnail":false,"medium":false,"medium_large":false,"large":false,"1536x1536":false,"2048x2048":false,"trp-custom-language-flag":false},"uagb_author_info":{"display_name":"Basile","author_link":"https:\/\/bconsultm.com\/en\/author\/basile\/"},"uagb_comment_info":0,"uagb_excerpt":"Votre vision est claire, mais l\u2019ex\u00e9cution vous ralentit ? 90% des strat\u00e9gies \u00e9chouent non pas \u00e0 cause de leur qualit\u00e9, mais \u00e0 cause d\u2019une ex\u00e9cution inefficace. Prenez rendez-vous gratuitement Pourquoi l\u2019ex\u00e9cution est le probl\u00e8me n\u00b01 des dirigeants ? D\u00e9cisions non traduites en actions ? Priorit\u00e9s changeantes ? Manque de suivi efficace ? D\u00e9couvrez comment une&hellip;","jetpack_sharing_enabled":true,"_links":{"self":[{"href":"https:\/\/bconsultm.com\/en\/wp-json\/wp\/v2\/pages\/842","targetHints":{"allow":["GET"]}}],"collection":[{"href":"https:\/\/bconsultm.com\/en\/wp-json\/wp\/v2\/pages"}],"about":[{"href":"https:\/\/bconsultm.com\/en\/wp-json\/wp\/v2\/types\/page"}],"author":[{"embeddable":true,"href":"https:\/\/bconsultm.com\/en\/wp-json\/wp\/v2\/users\/1"}],"replies":[{"embeddable":true,"href":"https:\/\/bconsultm.com\/en\/wp-json\/wp\/v2\/comments?post=842"}],"version-history":[{"count":20,"href":"https:\/\/bconsultm.com\/en\/wp-json\/wp\/v2\/pages\/842\/revisions"}],"predecessor-version":[{"id":1337,"href":"https:\/\/bconsultm.com\/en\/wp-json\/wp\/v2\/pages\/842\/revisions\/1337"}],"wp:attachment":[{"href":"https:\/\/bconsultm.com\/en\/wp-json\/wp\/v2\/media?parent=842"}],"curies":[{"name":"wp","href":"https:\/\/api.w.org\/{rel}","templated":true}]}}