{"id":1498,"date":"2025-02-20T10:52:57","date_gmt":"2025-02-20T10:52:57","guid":{"rendered":"https:\/\/bconsultm.com\/?page_id=1498"},"modified":"2025-03-21T20:21:29","modified_gmt":"2025-03-21T20:21:29","slug":"contact-me","status":"publish","type":"page","link":"https:\/\/bconsultm.com\/en\/contact-me\/","title":{"rendered":"Contact"},"content":{"rendered":"<div class=\"nfd-container nfd-p-0 wp-block-group alignfull has-white-color has-text-color has-background has-global-padding is-layout-constrained wp-container-core-group-is-layout-e555385e wp-block-group-is-layout-constrained\" style=\"background:linear-gradient(0deg,rgba(255,255,255,0) 16%,rgb(22,26,29) 16%)\">\n<div class=\"nfd-my-0 nfd-p-lg nfd-gap-xl wp-block-group alignwide is-vertical is-content-justification-center is-layout-flex wp-container-core-group-is-layout-ce155fab wp-block-group-is-layout-flex\">\n<h1 class=\"nfd-text-current nfd-text-giga wp-block-heading has-text-align-center\">Contact Me<\/h1>\n\n\n\n<div class=\"nfd-text-md nfd-text-opacity-80 wp-block-group has-global-padding is-layout-constrained wp-container-core-group-is-layout-ff55baa2 wp-block-group-is-layout-constrained\">\n<p class=\"has-text-align-center\">I am available to answer any questions, take your suggestions, or schedule a meeting.<\/p>\n<\/div>\n<\/div>\n\n\n\n<div class=\"wp-block-group has-border-color has-white-background-color has-background is-content-justification-left is-layout-flex wp-container-core-group-is-layout-751a8721 wp-block-group-is-layout-flex\" style=\"border-color:#00000017;border-width:1px;border-radius:19px;padding-top:4px;padding-right:4px;padding-bottom:4px;padding-left:4px\">\n<div class=\"nfd-p-md nfd-bg-gray-800 nfd-text-base md:nfd-basis-full is-style-nfd-theme-darker wp-block-group wp-container-content-01c117f0 is-vertical is-content-justification-left is-layout-flex wp-container-core-group-is-layout-95b9bda4 wp-block-group-is-layout-flex\" style=\"border-radius:16px\">\n<div class=\"wp-block-group has-global-padding is-layout-constrained wp-container-core-group-is-layout-6141fbbf wp-block-group-is-layout-constrained\">\n<div class=\"wp-block-group has-global-padding is-layout-constrained wp-block-group-is-layout-constrained\">\n<h2 class=\"wp-block-heading nfd-text-current nfd-text-lg\"><\/h2>\n<\/div>\n\n\n\n<div class=\"wp-block-group has-global-padding is-layout-constrained wp-container-core-group-is-layout-334a2726 wp-block-group-is-layout-constrained\">\n<p class=\"\"><strong>Questions Before Booking a Meeting?<\/strong>?<\/p>\n\n\n\n<p class=\"nfd-text-opacity-80 nfd-text-sm\">Do you still have questions before scheduling a meeting? <\/p>\n\n\n\n<p class=\"nfd-text-opacity-80 nfd-text-sm\">Send me a message.<\/p>\n<\/div>\n\n\n\n<div class=\"wp-block-group has-global-padding is-layout-constrained wp-container-core-group-is-layout-334a2726 wp-block-group-is-layout-constrained\">\n<p class=\"\"><strong>Recommandation<\/strong><\/p>\n\n\n\n<p class=\"nfd-text-opacity-80 nfd-text-sm\">Would you like to recommend my services and need more details? <\/p>\n\n\n\n<p class=\"nfd-text-opacity-80 nfd-text-sm\">Send me a message.<\/p>\n\n\n\n<p class=\"\"><\/p>\n<\/div>\n<\/div>\n\n\n\n<ul class=\"is-style-default wp-block-social-links alignleft has-normal-icon-size has-icon-color has-icon-background-color is-content-justification-space-between is-layout-flex wp-container-core-social-links-is-layout-b2891da8 wp-block-social-links-is-layout-flex\"><li style=\"color:#ffffff;background-color:#000000;\" class=\"wp-social-link wp-social-link-twitter has-white-color has-black-background-color wp-block-social-link\"><a href=\"#\" class=\"wp-block-social-link-anchor\"><svg width=\"24\" height=\"24\" viewbox=\"0 0 24 24\" version=\"1.1\" xmlns=\"http:\/\/www.w3.org\/2000\/svg\" aria-hidden=\"true\" focusable=\"false\"><path d=\"M22.23,5.924c-0.736,0.326-1.527,0.547-2.357,0.646c0.847-0.508,1.498-1.312,1.804-2.27 c-0.793,0.47-1.671,0.812-2.606,0.996C18.324,4.498,17.257,4,16.077,4c-2.266,0-4.103,1.837-4.103,4.103 c0,0.322,0.036,0.635,0.106,0.935C8.67,8.867,5.647,7.234,3.623,4.751C3.27,5.357,3.067,6.062,3.067,6.814 c0,1.424,0.724,2.679,1.825,3.415c-0.673-0.021-1.305-0.206-1.859-0.513c0,0.017,0,0.034,0,0.052c0,1.988,1.414,3.647,3.292,4.023 c-0.344,0.094-0.707,0.144-1.081,0.144c-0.264,0-0.521-0.026-0.772-0.074c0.522,1.63,2.038,2.816,3.833,2.85 c-1.404,1.1-3.174,1.756-5.096,1.756c-0.331,0-0.658-0.019-0.979-0.057c1.816,1.164,3.973,1.843,6.29,1.843 c7.547,0,11.675-6.252,11.675-11.675c0-0.178-0.004-0.355-0.012-0.531C20.985,7.47,21.68,6.747,22.23,5.924z\"><\/path><\/svg><span class=\"wp-block-social-link-label screen-reader-text\">Twitter<\/span><\/a><\/li>\n\n<li style=\"color:#ffffff;background-color:#000000;\" class=\"wp-social-link wp-social-link-instagram has-white-color has-black-background-color wp-block-social-link\"><a href=\"#\" class=\"wp-block-social-link-anchor\"><svg width=\"24\" height=\"24\" viewbox=\"0 0 24 24\" version=\"1.1\" xmlns=\"http:\/\/www.w3.org\/2000\/svg\" aria-hidden=\"true\" focusable=\"false\"><path d=\"M12,4.622c2.403,0,2.688,0.009,3.637,0.052c0.877,0.04,1.354,0.187,1.671,0.31c0.42,0.163,0.72,0.358,1.035,0.673 c0.315,0.315,0.51,0.615,0.673,1.035c0.123,0.317,0.27,0.794,0.31,1.671c0.043,0.949,0.052,1.234,0.052,3.637 s-0.009,2.688-0.052,3.637c-0.04,0.877-0.187,1.354-0.31,1.671c-0.163,0.42-0.358,0.72-0.673,1.035 c-0.315,0.315-0.615,0.51-1.035,0.673c-0.317,0.123-0.794,0.27-1.671,0.31c-0.949,0.043-1.233,0.052-3.637,0.052 s-2.688-0.009-3.637-0.052c-0.877-0.04-1.354-0.187-1.671-0.31c-0.42-0.163-0.72-0.358-1.035-0.673 c-0.315-0.315-0.51-0.615-0.673-1.035c-0.123-0.317-0.27-0.794-0.31-1.671C4.631,14.688,4.622,14.403,4.622,12 s0.009-2.688,0.052-3.637c0.04-0.877,0.187-1.354,0.31-1.671c0.163-0.42,0.358-0.72,0.673-1.035 c0.315-0.315,0.615-0.51,1.035-0.673c0.317-0.123,0.794-0.27,1.671-0.31C9.312,4.631,9.597,4.622,12,4.622 M12,3 C9.556,3,9.249,3.01,8.289,3.054C7.331,3.098,6.677,3.25,6.105,3.472C5.513,3.702,5.011,4.01,4.511,4.511 c-0.5,0.5-0.808,1.002-1.038,1.594C3.25,6.677,3.098,7.331,3.054,8.289C3.01,9.249,3,9.556,3,12c0,2.444,0.01,2.751,0.054,3.711 c0.044,0.958,0.196,1.612,0.418,2.185c0.23,0.592,0.538,1.094,1.038,1.594c0.5,0.5,1.002,0.808,1.594,1.038 c0.572,0.222,1.227,0.375,2.185,0.418C9.249,20.99,9.556,21,12,21s2.751-0.01,3.711-0.054c0.958-0.044,1.612-0.196,2.185-0.418 c0.592-0.23,1.094-0.538,1.594-1.038c0.5-0.5,0.808-1.002,1.038-1.594c0.222-0.572,0.375-1.227,0.418-2.185 C20.99,14.751,21,14.444,21,12s-0.01-2.751-0.054-3.711c-0.044-0.958-0.196-1.612-0.418-2.185c-0.23-0.592-0.538-1.094-1.038-1.594 c-0.5-0.5-1.002-0.808-1.594-1.038c-0.572-0.222-1.227-0.375-2.185-0.418C14.751,3.01,14.444,3,12,3L12,3z M12,7.378 c-2.552,0-4.622,2.069-4.622,4.622S9.448,16.622,12,16.622s4.622-2.069,4.622-4.622S14.552,7.378,12,7.378z M12,15 c-1.657,0-3-1.343-3-3s1.343-3,3-3s3,1.343,3,3S13.657,15,12,15z M16.804,6.116c-0.596,0-1.08,0.484-1.08,1.08 s0.484,1.08,1.08,1.08c0.596,0,1.08-0.484,1.08-1.08S17.401,6.116,16.804,6.116z\"><\/path><\/svg><span class=\"wp-block-social-link-label screen-reader-text\">Instagram<\/span><\/a><\/li>\n\n<li style=\"color:#ffffff;background-color:#000000;\" class=\"wp-social-link wp-social-link-facebook has-white-color has-black-background-color wp-block-social-link\"><a href=\"#\" class=\"wp-block-social-link-anchor\"><svg width=\"24\" height=\"24\" viewbox=\"0 0 24 24\" version=\"1.1\" xmlns=\"http:\/\/www.w3.org\/2000\/svg\" aria-hidden=\"true\" focusable=\"false\"><path d=\"M12 2C6.5 2 2 6.5 2 12c0 5 3.7 9.1 8.4 9.9v-7H7.9V12h2.5V9.8c0-2.5 1.5-3.9 3.8-3.9 1.1 0 2.2.2 2.2.2v2.5h-1.3c-1.2 0-1.6.8-1.6 1.6V12h2.8l-.4 2.9h-2.3v7C18.3 21.1 22 17 22 12c0-5.5-4.5-10-10-10z\"><\/path><\/svg><span class=\"wp-block-social-link-label screen-reader-text\">Facebook<\/span><\/a><\/li><\/ul>\n<\/div>\n\n\n\n<div class=\"nfd-p-md md:nfd-basis-full is-style-nfd-theme-white wp-block-group wp-container-content-6d18316b has-global-padding is-layout-constrained wp-container-core-group-is-layout-70f4fdbb wp-block-group-is-layout-constrained\" style=\"border-top-left-radius:0px;border-top-right-radius:16px;border-bottom-left-radius:0px;border-bottom-right-radius:16px\"><div class=\"wp-block-jetpack-contact-form is-style-default nfd-jp-form\"><a href=\"https:\/\/bconsultm.com\/en\/contact-me\/\" target=\"_blank\" rel=\"noopener noreferrer\">Submit a form.<\/a><\/div><\/div>\n<\/div>\n<\/div>\n\n\n\n<div class=\"nfd-pt-lg nfd-theme-dark nfd-bg-surface is-style-nfd-theme-dark wp-block-group alignfull has-background nfd-bg-effect-grid has-global-padding is-layout-constrained wp-block-group-is-layout-constrained\" style=\"background:linear-gradient(0deg,rgba(255,255,255,0) 15%,rgb(22,26,29) 15%)\">\n<div class=\"nfd-gap-4xl wp-block-group is-vertical is-content-justification-center is-layout-flex wp-container-core-group-is-layout-ce155fab wp-block-group-is-layout-flex\">\n<div class=\"nfd-container wp-block-group has-global-padding is-layout-constrained wp-block-group-is-layout-constrained\">\n<div class=\"nfd-gap-xl wp-block-group nfd-wb-animate nfd-wb-fade-in-bottom-short is-vertical is-content-justification-center is-layout-flex wp-container-core-group-is-layout-f9a93ed8 wp-block-group-is-layout-flex\">\n<h1 class=\"nfd-text-giga nfd-text-contrast nfd-text-balance wp-block-heading has-text-align-center\"><\/h1>\n<\/div>\n<\/div>\n\n\n\n<div class=\"wp-block-group alignfull nfd-wb-animate nfd-wb-reveal-right is-content-justification-center is-nowrap is-layout-flex wp-container-core-group-is-layout-bcf5fd3f wp-block-group-is-layout-flex\" style=\"padding-top:0;padding-right:0;padding-bottom:0;padding-left:0\">\n<figure class=\"nfd-rounded-t-xl wp-block-image aligncenter size-large\"><img data-recalc-dims=\"1\" fetchpriority=\"high\" decoding=\"async\" width=\"1024\" height=\"683\" src=\"https:\/\/i0.wp.com\/bconsultm.com\/wp-content\/uploads\/2025\/03\/People-1.jpg?resize=1024%2C683&#038;ssl=1\" alt=\"\" class=\"wp-image-1689\" style=\"aspect-ratio:16\/9;object-fit:cover\" srcset=\"https:\/\/i0.wp.com\/bconsultm.com\/wp-content\/uploads\/2025\/03\/People-1-scaled.jpg?resize=1024%2C683&amp;ssl=1 1024w, https:\/\/i0.wp.com\/bconsultm.com\/wp-content\/uploads\/2025\/03\/People-1-scaled.jpg?resize=300%2C200&amp;ssl=1 300w, https:\/\/i0.wp.com\/bconsultm.com\/wp-content\/uploads\/2025\/03\/People-1-scaled.jpg?resize=768%2C512&amp;ssl=1 768w, https:\/\/i0.wp.com\/bconsultm.com\/wp-content\/uploads\/2025\/03\/People-1-scaled.jpg?resize=1536%2C1024&amp;ssl=1 1536w, https:\/\/i0.wp.com\/bconsultm.com\/wp-content\/uploads\/2025\/03\/People-1-scaled.jpg?resize=2048%2C1365&amp;ssl=1 2048w\" sizes=\"(max-width: 1000px) 100vw, 1000px\" \/><\/figure>\n<\/div>\n<\/div>\n<\/div>\n\n\n\n<div class=\"nfd-container nfd-p-lg nfd-text-base is-style-nfd-theme-light wp-block-group alignwide nfd-wb-animate nfd-wb-fade-in-bottom is-layout-flow wp-container-core-group-is-layout-330ce275 wp-block-group-is-layout-flow\">\n<div class=\"nfd-gap-lg wp-block-group is-vertical is-content-justification-center is-layout-flex wp-container-core-group-is-layout-fa38c63a wp-block-group-is-layout-flex\">\n<div class=\"wp-block-group is-nowrap is-layout-flex wp-container-core-group-is-layout-6c531013 wp-block-group-is-layout-flex\">\n<div class=\"nfd-shadow-xs nfd-rounded-full is-style-nfd-theme-white wp-block-group has-global-padding is-layout-constrained wp-container-core-group-is-layout-c4486197 wp-block-group-is-layout-constrained\" style=\"padding-top:6px;padding-right:16px;padding-bottom:6px;padding-left:16px\">\n<p class=\"nfd-text-xs\" style=\"font-style:normal;font-weight:600;text-transform:uppercase\">FREQUENTLY ASKED QUESTIONS<\/p>\n<\/div>\n<\/div>\n\n\n\n<h2 class=\"wp-block-heading nfd-text-huge nfd-text-contrast nfd-text-balance has-text-align-center\">You Have Questions? I Have Answers<\/h2>\n<\/div>\n\n\n\n<div class=\"nfd-container nfd-theme-light nfd-bg-surface is-style-nfd-theme-light wp-block-group has-global-padding is-layout-constrained wp-block-group-is-layout-constrained\">\n<div class=\"wp-block-columns is-layout-flex wp-container-core-columns-is-layout-28f84493 wp-block-columns-is-layout-flex\">\n<div class=\"wp-block-column is-layout-flow wp-block-column-is-layout-flow\">\n<details class=\"nfd-text-md nfd-p-card-sm nfd-rounded nfd-text-contrast nfd-shadow-xs wp-block-details has-heading-text-color-color has-base-background-color has-text-color has-background has-link-color wp-elements-dfa842717ea6bfe013da9ce7fc400b73 is-layout-flow wp-block-details-is-layout-flow\" style=\"border-width:1px;font-style:normal;font-weight:500\"><summary>Pourquoi ai-je besoin d&#8217;une strat\u00e9gie et d&#8217;une ex\u00e9cution bien d\u00e9finies pour mon entreprise?<\/summary>\n<p class=\"nfd-text-base nfd-text-faded has-heading-text-color-color has-text-color has-link-color wp-elements-2941fa5ce8cd8e60a23b1415814511c8\" style=\"margin-top:var(--wp--preset--spacing--10);font-style:normal;font-weight:400\">Une entreprise ne peut pas grandir de mani\u00e8re p\u00e9renne sans une vision claire, des choix strat\u00e9giques pertinents et une ex\u00e9cution efficace. Sans strat\u00e9gie, on avance au hasard. Sans ex\u00e9cution, m\u00eame la meilleure strat\u00e9gie reste une id\u00e9e sur le papier. Mon approche assure que votre business model, votre strat\u00e9gie et votre ex\u00e9cution sont align\u00e9s pour maximiser votre croissance.<\/p>\n<\/details>\n\n\n\n<details class=\"nfd-text-md nfd-p-card-sm nfd-rounded nfd-text-contrast nfd-shadow-xs wp-block-details has-heading-text-color-color has-base-background-color has-text-color has-background has-link-color wp-elements-fbc031571bcc785f305841ed9025c071 is-layout-flow wp-block-details-is-layout-flow\" style=\"border-width:1px;font-style:normal;font-weight:500\"><summary>En quoi l&#8217;Executive Strategy Program est-il diff\u00e9rent des autres offres?<\/summary>\n<p class=\"nfd-text-base nfd-text-faded has-heading-text-color-color has-text-color has-link-color wp-elements-6b3f60379f735f4d15a220b20f2e4202\" style=\"margin-top:var(--wp--preset--spacing--10);font-style:normal;font-weight:400\">L\u2019Executive Strategy Program est une offre compl\u00e8te et structur\u00e9e qui aligne mod\u00e8le \u00e9conomique, strat\u00e9gie g\u00e9n\u00e9rale et ex\u00e9cution. Contrairement aux offres cibl\u00e9es (Business Model Consulting, Strategy Consulting ou Strategy Execution Consulting), ce programme garantit une coh\u00e9rence totale pour structurer, faire cro\u00eetre et piloter votre entreprise efficacement.<\/p>\n<\/details>\n\n\n\n<details class=\"nfd-text-md nfd-p-card-sm nfd-rounded nfd-text-contrast nfd-shadow-xs wp-block-details has-heading-text-color-color has-base-background-color has-text-color has-background has-link-color wp-elements-be9c7b6c41c5dd4e44c8063916666914 is-layout-flow wp-block-details-is-layout-flow\" style=\"border-width:1px;font-style:normal;font-weight:500\"><summary>Quelles sont les diff\u00e9rences entre Business Model Consulting, Strategy Consulting et Strategy Executive Consulting?<\/summary>\n<p class=\"nfd-text-base nfd-text-faded has-heading-text-color-color has-text-color has-link-color wp-elements-4be5cfd37fe924a22792379df3a8f42a\" style=\"margin-top:var(--wp--preset--spacing--10);font-style:normal;font-weight:400\">Business Model Consulting \u2192 Id\u00e9al pour structurer votre mod\u00e8le \u00e9conomique en 5 jours et poser les bases solides de votre activit\u00e9.<\/p>\n\n\n\n<p class=\"\">Strategy Consulting \u2192 Si vous avez d\u00e9j\u00e0 un business model clair mais que vous voulez d\u00e9finir une strat\u00e9gie diff\u00e9renciante et r\u00e9aliste.<\/p>\n\n\n\n<p class=\"nfd-text-base nfd-text-faded has-heading-text-color-color has-text-color has-link-color wp-elements-045d11ff813de75713266d89be7e7710\" style=\"margin-top:var(--wp--preset--spacing--10);font-style:normal;font-weight:400\">Strategy Execution Consulting \u2192 Si tu as une strat\u00e9gie d\u00e9finie mais que tu rencontres des difficult\u00e9s \u00e0 la mettre en \u0153uvre efficacement.<\/p>\n<\/details>\n<\/div>\n\n\n\n<div class=\"wp-block-column is-layout-flow wp-block-column-is-layout-flow\">\n<details class=\"nfd-text-md nfd-p-card-sm nfd-rounded nfd-text-contrast nfd-shadow-xs wp-block-details has-heading-text-color-color has-base-background-color has-text-color has-background has-link-color wp-elements-6699ad79bad56418aa0900e398847976 is-layout-flow wp-block-details-is-layout-flow\" style=\"border-width:1px;font-style:normal;font-weight:500\"><summary>Who are my services for?<\/summary>\n<p class=\"nfd-text-base nfd-text-faded has-heading-text-color-color has-text-color has-link-color wp-elements-a773cc73d997d5b8e0c362794ccf0355\" style=\"margin-top:var(--wp--preset--spacing--10);font-style:normal;font-weight:400\">I primarily support entrepreneurs, SME leaders, and startup founders who want to structure their growth, avoid costly mistakes, and ensure their vision becomes a concrete success. I also work with mid-sized and large enterprises looking to assess the alignment between their strategy and execution.<\/p>\n<\/details>\n\n\n\n<details class=\"nfd-text-md nfd-p-card-sm nfd-rounded nfd-text-contrast nfd-shadow-xs wp-block-details has-heading-text-color-color has-base-background-color has-text-color has-background has-link-color wp-elements-d3ebb5b3b0ce155ca01b461d0eb43e55 is-layout-flow wp-block-details-is-layout-flow\" style=\"border-width:1px;font-style:normal;font-weight:500\"><summary>Is this consulting service suitable for my industry?<\/summary>\n<p class=\"nfd-text-base nfd-text-faded has-heading-text-color-color has-text-color has-link-color wp-elements-50f3b756cd6196eb31634bca3f892689\" style=\"margin-top:var(--wp--preset--spacing--10);font-style:normal;font-weight:400\">Yes, because my method is based on strategic principles that apply to all industries. Whether you operate in services, tech, craftsmanship, retail, finance, or any other sector, I help you leverage the most relevant strategic drivers for your industry.<\/p>\n<\/details>\n\n\n\n<details class=\"nfd-text-md nfd-p-card-sm nfd-rounded nfd-text-contrast nfd-shadow-xs wp-block-details has-heading-text-color-color has-base-background-color has-text-color has-background has-link-color wp-elements-18325b69db5fdb400a93ac2e18ddabf2 is-layout-flow wp-block-details-is-layout-flow\" style=\"border-width:1px;font-style:normal;font-weight:500\"><summary>Why not do this work alone or with my internal team?<\/summary>\n<p class=\"nfd-text-base nfd-text-faded has-heading-text-color-color has-text-color has-link-color wp-elements-e4989eeb108464c490b1391c6d87f992 translation-block\" style=\"margin-top:var(--wp--preset--spacing--10);font-style:normal;font-weight:400\"><strong>Three key reasons:<\/strong> :<br><strong>Gain perspective <\/strong> \u2192 As a business leader, you are often deeply involved in operations. My role is to provide a structured external perspective and proven expertise.<br><br><strong>Proven Methodology and Framework<\/strong> \u2192 I leverage best practices from BCG, McKinsey, and HBS, tailored to the needs of SMEs and startups.<br><br><strong>Acceleration and Impact <\/strong> \u2192 My consulting services help you save time and avoid costly strategic mistakes.<\/p>\n<\/details>\n<\/div>\n<\/div>\n<\/div>\n<\/div>","protected":false},"excerpt":{"rendered":"<p>Contactez moi Je suis disponible pour r\u00e9pondre \u00e0 toutes vos questions, prendre vos suggestions o\u00f9 planifier un rendez-vous Des questions avant de prendre le RDV? Vous avez encore des questions avant de prendre rendez-vous? Envoyez moi un message. Recommandation Vous souhaitez recommander mon accompagnement et vous voulez plus de pr\u00e9cision? Envoyez moi un message. FOIRE [&hellip;]<\/p>\n","protected":false},"author":1,"featured_media":0,"parent":0,"menu_order":0,"comment_status":"closed","ping_status":"closed","template":"","meta":{"nf_dc_page":"","_uag_custom_page_level_css":"","footnotes":""},"class_list":["post-1498","page","type-page","status-publish","hentry"],"uagb_featured_image_src":{"full":false,"thumbnail":false,"medium":false,"medium_large":false,"large":false,"1536x1536":false,"2048x2048":false,"trp-custom-language-flag":false},"uagb_author_info":{"display_name":"Basile","author_link":"https:\/\/bconsultm.com\/en\/author\/basile\/"},"uagb_comment_info":0,"uagb_excerpt":"Contactez moi Je suis disponible pour r\u00e9pondre \u00e0 toutes vos questions, prendre vos suggestions o\u00f9 planifier un rendez-vous Des questions avant de prendre le RDV? Vous avez encore des questions avant de prendre rendez-vous? Envoyez moi un message. Recommandation Vous souhaitez recommander mon accompagnement et vous voulez plus de pr\u00e9cision? Envoyez moi un message. FOIRE&hellip;","jetpack_sharing_enabled":true,"_links":{"self":[{"href":"https:\/\/bconsultm.com\/en\/wp-json\/wp\/v2\/pages\/1498","targetHints":{"allow":["GET"]}}],"collection":[{"href":"https:\/\/bconsultm.com\/en\/wp-json\/wp\/v2\/pages"}],"about":[{"href":"https:\/\/bconsultm.com\/en\/wp-json\/wp\/v2\/types\/page"}],"author":[{"embeddable":true,"href":"https:\/\/bconsultm.com\/en\/wp-json\/wp\/v2\/users\/1"}],"replies":[{"embeddable":true,"href":"https:\/\/bconsultm.com\/en\/wp-json\/wp\/v2\/comments?post=1498"}],"version-history":[{"count":20,"href":"https:\/\/bconsultm.com\/en\/wp-json\/wp\/v2\/pages\/1498\/revisions"}],"predecessor-version":[{"id":1733,"href":"https:\/\/bconsultm.com\/en\/wp-json\/wp\/v2\/pages\/1498\/revisions\/1733"}],"wp:attachment":[{"href":"https:\/\/bconsultm.com\/en\/wp-json\/wp\/v2\/media?parent=1498"}],"curies":[{"name":"wp","href":"https:\/\/api.w.org\/{rel}","templated":true}]}}