{"id":1492,"date":"2025-02-20T10:38:29","date_gmt":"2025-02-20T10:38:29","guid":{"rendered":"https:\/\/bconsultm.com\/?page_id=1492"},"modified":"2025-03-02T23:51:31","modified_gmt":"2025-03-02T23:51:31","slug":"about-me","status":"publish","type":"page","link":"https:\/\/bconsultm.com\/en\/about-me\/","title":{"rendered":"About me"},"content":{"rendered":"<div id=\"hero\" class=\"nfd-container nfd-p-lg nfd-theme-dark nfd-bg-surface is-style-nfd-theme-dark wp-block-group has-global-padding is-layout-constrained wp-block-group-is-layout-constrained\">\n<div class=\"nfd-gap-xl wp-block-group is-vertical is-content-justification-center is-layout-flex wp-container-core-group-is-layout-ce155fab wp-block-group-is-layout-flex\">\n<h2 class=\"nfd-text-contrast nfd-text-giga nfd-text-balance wp-block-heading has-text-align-center nfd-wb-animate nfd-wb-fade-in-bottom-short\" style=\"font-style:normal;font-weight:500\">About<\/h2>\n\n\n\n<p class=\"nfd-text-md nfd-text-balance nfd-text-faded has-text-align-center nfd-wb-animate nfd-wb-fade-in-bottom-short nfd-delay-300\">As an independent strategy execution consultant, I specialize in optimizing the execution of business growth strategies for small businesses, SMEs, and startups.<\/p>\n<\/div>\n<\/div>\n\n\n\n<div id=\"milestones\" class=\"nfd-container nfd-p-md nfd-pb-lg nfd-my-0 nfd-theme-dark nfd-bg-surface is-style-nfd-theme-dark wp-block-group nfd-divider-arrow has-global-padding is-layout-constrained wp-block-group-is-layout-constrained\">\n<div class=\"nfd-gap-xl wp-block-columns alignwide is-layout-flex wp-container-core-columns-is-layout-8e96f76c wp-block-columns-is-layout-flex\">\n<div class=\"wp-block-column nfd-wb-animate nfd-wb-zoom-in-short nfd-delay-300 is-layout-flow wp-block-column-is-layout-flow\"><\/div>\n\n\n\n<div class=\"wp-block-column nfd-wb-animate nfd-wb-zoom-in-short nfd-delay-450 is-layout-flow wp-block-column-is-layout-flow\"><\/div>\n\n\n\n<div class=\"wp-block-column nfd-wb-animate nfd-wb-zoom-in-short nfd-delay-600 is-layout-flow wp-block-column-is-layout-flow\"><\/div>\n\n\n\n<div class=\"wp-block-column nfd-wb-animate nfd-wb-zoom-in-short nfd-delay-750 is-layout-flow wp-block-column-is-layout-flow\"><\/div>\n<\/div>\n<\/div>\n\n\n\n<div id=\"features\" class=\"nfd-container nfd-my-0 nfd-py-0 nfd-pb-lg nfd-text-base is-style-nfd-theme-white wp-block-group has-link-color-background-color has-background nfd-wb-animate nfd-wb-fade-in-bottom has-global-padding is-layout-constrained wp-container-core-group-is-layout-19e250f3 wp-block-group-is-layout-constrained\">\n<div class=\"nfd-container nfd-p-lg wp-block-group has-global-padding is-layout-constrained wp-container-core-group-is-layout-6141fbbf wp-block-group-is-layout-constrained\">\n<div class=\"nfd-gap-lg wp-block-group is-vertical is-content-justification-center is-layout-flex wp-container-core-group-is-layout-fa38c63a wp-block-group-is-layout-flex\">\n<div class=\"wp-block-group is-nowrap is-layout-flex wp-container-core-group-is-layout-6c531013 wp-block-group-is-layout-flex\">\n<div class=\"nfd-shadow-xs nfd-rounded-full is-style-nfd-theme-primary wp-block-group has-global-padding is-layout-constrained wp-container-core-group-is-layout-c4486197 wp-block-group-is-layout-constrained\" style=\"padding-top:6px;padding-right:16px;padding-bottom:6px;padding-left:16px\">\n<p class=\"nfd-text-xs\" style=\"font-style:normal;font-weight:600;text-transform:uppercase\">Ma Mission<\/p>\n<\/div>\n<\/div>\n\n\n\n<h2 class=\"wp-block-heading nfd-text-huge nfd-text-contrast nfd-text-balance has-text-align-center\">Business Consulting Management's Mission<\/h2>\n\n\n\n<p class=\"nfd-text-md nfd-text-balance nfd-text-faded has-text-align-center\">Helping executives align the interests of clients, employees, and managers.<\/p>\n<\/div>\n<\/div>\n\n\n\n<div class=\"wp-block-group is-layout-flow wp-container-core-group-is-layout-a77db08e wp-block-group-is-layout-flow\">\n<div class=\"wp-block-columns is-layout-flex wp-container-core-columns-is-layout-28232c24 wp-block-columns-is-layout-flex\">\n<div class=\"md:nfd-order-2 nfd-p-card-square-lg wp-block-column is-vertically-aligned-center is-layout-flow wp-block-column-is-layout-flow\">\n<h3 class=\"nfd-text-xl nfd-text-contrast nfd-text-balance wp-block-heading\">Who am I?<\/h3>\n\n\n\n<div class=\"nfd-text-faded wp-block-group has-global-padding is-content-justification-left is-layout-constrained wp-container-core-group-is-layout-7526a028 wp-block-group-is-layout-constrained\">\n<p class=\"has-text-align-left\">With 18 years of combined experience in strategy, project management, and business transformation, I specialize in supporting small businesses and SMEs to structure their growth, define their vision, and execute their strategy with precision. <\/p>\n\n\n\n<p class=\"has-text-align-left\">My background spans multiple industries, including construction, technology, and consulting, where I have led strategic initiatives, optimized operations, and accelerated the growth of numerous businesses. <\/p>\n<\/div>\n<\/div>\n\n\n\n<div class=\"wp-block-column is-vertically-aligned-center is-layout-flow wp-container-core-column-is-layout-8a368f38 wp-block-column-is-layout-flow\" style=\"flex-basis:50%\">\n<div class=\"wp-block-group has-global-padding is-layout-constrained wp-block-group-is-layout-constrained\">\n<figure class=\"wp-block-image size-large has-custom-border\"><img decoding=\"async\" src=\"https:\/\/images.unsplash.com\/photo-1512486130939-2c4f79935e4f?auto=format&amp;fit=crop&amp;q=80&amp;w=800&amp;h=800&amp;crop=\" alt=\"\" style=\"border-top-left-radius:0px;border-top-right-radius:240px;border-bottom-left-radius:0px;border-bottom-right-radius:0px;aspect-ratio:1;object-fit:cover\"\/><\/figure>\n<\/div>\n<\/div>\n<\/div>\n\n\n\n<div class=\"wp-block-columns is-layout-flex wp-container-core-columns-is-layout-28232c24 wp-block-columns-is-layout-flex\">\n<div class=\"wp-block-column is-vertically-aligned-top is-layout-flow wp-block-column-is-layout-flow\" style=\"flex-basis:50%\">\n<div class=\"wp-block-group has-global-padding is-content-justification-center is-layout-constrained wp-block-group-is-layout-constrained\">\n<figure class=\"wp-block-image size-large has-custom-border\"><img decoding=\"async\" src=\"https:\/\/images.unsplash.com\/photo-1535953472862-9cc610a70f8a?auto=format&amp;fit=crop&amp;q=60&amp;w=800&amp;h=800&amp;crop=\" alt=\"\" style=\"border-top-left-radius:240px;aspect-ratio:1;object-fit:cover\"\/><\/figure>\n<\/div>\n<\/div>\n\n\n\n<div class=\"md:nfd-order-2 nfd-p-card-square-lg wp-block-column is-vertically-aligned-center is-layout-flow wp-container-core-column-is-layout-8eebadab wp-block-column-is-layout-flow\">\n<h3 class=\"nfd-text-xl nfd-text-contrast nfd-text-balance wp-block-heading\" style=\"padding-top:0;padding-bottom:0\">Why Do I Do This?<\/h3>\n\n\n\n<div class=\"nfd-text-faded wp-block-group has-global-padding is-content-justification-left is-layout-constrained wp-container-core-group-is-layout-7526a028 wp-block-group-is-layout-constrained\">\n<p class=\"\">Throughout my career, I have observed that many businesses lack structure and execution even large companies. <br> Statistics about bankruptcy keep showing that too many small businesses and SMEs operate on instinct, without a structured business model, a clear strategic direction, or a solid execution framework. <\/p>\n\n\n\n<p class=\"\">The consequences? Disorganized growth, financial instability, and missed opportunities.<\/p>\n<\/div>\n<\/div>\n<\/div>\n\n\n\n<div class=\"wp-block-columns is-layout-flex wp-container-core-columns-is-layout-28232c24 wp-block-columns-is-layout-flex\">\n<div class=\"md:nfd-order-2 nfd-p-card-square-lg wp-block-column is-vertically-aligned-center is-layout-flow wp-container-core-column-is-layout-8eebadab wp-block-column-is-layout-flow\">\n<h3 class=\"nfd-text-xl nfd-text-contrast nfd-text-balance wp-block-heading\">My Approach<\/h3>\n\n\n\n<div class=\"nfd-text-faded wp-block-group has-global-padding is-content-justification-left is-layout-constrained wp-container-core-group-is-layout-7526a028 wp-block-group-is-layout-constrained\">\n<p class=\"\">I founded BCM (Business Consulting Management) to address this exact challenge: helping executives move from vision to execution, ensuring that every decision contributes to long-term growth and profitability.<\/p>\n\n\n\n<p class=\"\">My approach is based on a precise methodological framework that structures growth, aligns strategic objectives, and ensures effective execution.<\/p>\n<\/div>\n<\/div>\n\n\n\n<div class=\"wp-block-column is-vertically-aligned-top is-layout-flow wp-container-core-column-is-layout-8a368f38 wp-block-column-is-layout-flow\" style=\"flex-basis:50%\">\n<div class=\"wp-block-group has-global-padding is-layout-constrained wp-block-group-is-layout-constrained\">\n<figure class=\"wp-block-image size-large has-custom-border\"><img decoding=\"async\" src=\"https:\/\/images.unsplash.com\/photo-1512486130939-2c4f79935e4f?auto=format&amp;fit=crop&amp;q=80&amp;w=800&amp;h=800&amp;crop=\" alt=\"\" style=\"border-top-left-radius:0px;border-top-right-radius:0px;border-bottom-left-radius:0px;border-bottom-right-radius:240px;aspect-ratio:1;object-fit:cover\"\/><\/figure>\n<\/div>\n<\/div>\n<\/div>\n<\/div>\n<\/div>\n\n\n\n<div class=\"nfd-container nfd-my-0 nfd-py-0 nfd-pb-lg nfd-theme-darker nfd-bg-surface is-style-nfd-theme-darker wp-block-group has-global-padding is-layout-constrained wp-container-core-group-is-layout-81828466 wp-block-group-is-layout-constrained\">\n<div class=\"nfd-gap-xl wp-block-group is-vertical is-content-justification-stretch is-layout-flex wp-container-core-group-is-layout-353c4f5a wp-block-group-is-layout-flex\">\n<figure class=\"nfd-rounded wp-block-image size-large\"><img decoding=\"async\" src=\"https:\/\/images.unsplash.com\/photo-1543269865-cbf427effbad?auto=format&amp;fit=crop&amp;q=80&amp;w=1600&amp;h=&amp;crop=\" alt=\"\" style=\"aspect-ratio:16\/9;object-fit:cover\"\/><\/figure>\n\n\n\n<div style=\"height:0px\" aria-hidden=\"true\" class=\"wp-block-spacer wp-container-content-9760934e\"><\/div>\n<\/div>\n<\/div>\n\n\n\n<p class=\"\"><\/p>","protected":false},"excerpt":{"rendered":"<p>A Propos Consultant ind\u00e9pendant en strat\u00e9gie d&#8217;ex\u00e9cution, je suis sp\u00e9cialis\u00e9 dans l&#8217;optimisation de l&#8217;ex\u00e9cution de strat\u00e9gies de croissance d&#8217;entreprise pour les TPE, PME et Startup. Ma Mission Mission de Business Consulting Management Aider les dirigeants \u00e0 aligner les int\u00e9r\u00eats des clients, collaborateurs et de la direction Qui suis-je ? Avec 18 ans d\u2019exp\u00e9rience combin\u00e9 en [&hellip;]<\/p>\n","protected":false},"author":1,"featured_media":0,"parent":0,"menu_order":0,"comment_status":"closed","ping_status":"closed","template":"","meta":{"nf_dc_page":"","_uag_custom_page_level_css":"","footnotes":""},"class_list":["post-1492","page","type-page","status-publish","hentry"],"uagb_featured_image_src":{"full":false,"thumbnail":false,"medium":false,"medium_large":false,"large":false,"1536x1536":false,"2048x2048":false,"trp-custom-language-flag":false},"uagb_author_info":{"display_name":"Basile","author_link":"https:\/\/bconsultm.com\/en\/author\/basile\/"},"uagb_comment_info":0,"uagb_excerpt":"A Propos Consultant ind\u00e9pendant en strat\u00e9gie d&#8217;ex\u00e9cution, je suis sp\u00e9cialis\u00e9 dans l&#8217;optimisation de l&#8217;ex\u00e9cution de strat\u00e9gies de croissance d&#8217;entreprise pour les TPE, PME et Startup. Ma Mission Mission de Business Consulting Management Aider les dirigeants \u00e0 aligner les int\u00e9r\u00eats des clients, collaborateurs et de la direction Qui suis-je ? Avec 18 ans d\u2019exp\u00e9rience combin\u00e9 en&hellip;","jetpack_sharing_enabled":true,"_links":{"self":[{"href":"https:\/\/bconsultm.com\/en\/wp-json\/wp\/v2\/pages\/1492","targetHints":{"allow":["GET"]}}],"collection":[{"href":"https:\/\/bconsultm.com\/en\/wp-json\/wp\/v2\/pages"}],"about":[{"href":"https:\/\/bconsultm.com\/en\/wp-json\/wp\/v2\/types\/page"}],"author":[{"embeddable":true,"href":"https:\/\/bconsultm.com\/en\/wp-json\/wp\/v2\/users\/1"}],"replies":[{"embeddable":true,"href":"https:\/\/bconsultm.com\/en\/wp-json\/wp\/v2\/comments?post=1492"}],"version-history":[{"count":19,"href":"https:\/\/bconsultm.com\/en\/wp-json\/wp\/v2\/pages\/1492\/revisions"}],"predecessor-version":[{"id":1661,"href":"https:\/\/bconsultm.com\/en\/wp-json\/wp\/v2\/pages\/1492\/revisions\/1661"}],"wp:attachment":[{"href":"https:\/\/bconsultm.com\/en\/wp-json\/wp\/v2\/media?parent=1492"}],"curies":[{"name":"wp","href":"https:\/\/api.w.org\/{rel}","templated":true}]}}