{"id":1477,"date":"2025-02-20T09:42:22","date_gmt":"2025-02-20T09:42:22","guid":{"rendered":"https:\/\/bconsultm.com\/?page_id=1477"},"modified":"2025-03-03T00:18:48","modified_gmt":"2025-03-03T00:18:48","slug":"bcm-services-2","status":"publish","type":"page","link":"https:\/\/bconsultm.com\/en\/bcm-services-2\/","title":{"rendered":"BCM Services"},"content":{"rendered":"<main class=\"animated fadeInUp service-section wp-block-group has-background has-global-padding is-layout-constrained wp-container-core-group-is-layout-322c0e5d wp-block-group-is-layout-constrained\" style=\"background:linear-gradient(180deg,rgb(0,30,26) 0%,rgb(48,48,48) 100%);margin-top:0;margin-bottom:0;padding-top:var(--wp--preset--spacing--50);padding-right:0;padding-bottom:var(--wp--preset--spacing--50);padding-left:0\">\n<div class=\"wp-block-group is-layout-flow wp-block-group-is-layout-flow\" style=\"padding-right:25px;padding-left:25px\">\n<div class=\"wp-block-group has-global-padding is-layout-constrained wp-container-core-group-is-layout-e4eaaeb1 wp-block-group-is-layout-constrained\">\n<p class=\"consultingwp-sub-title has-text-align-center\"><strong>Services<\/strong><\/p>\n\n\n\n<h2 class=\"wp-block-heading has-text-align-center has-heading-text-color-color has-text-color has-link-color has-body-font-family wp-elements-e25f1349cf7e427a6c915073f9b9cdef\" style=\"font-size:clamp(20px, 1.25rem + ((1vw - 3.2px) * 1.176), 32px);font-style:normal;font-weight:600\">Services offers from Business Consulting Management<\/h2>\n\n\n\n<p class=\"has-text-align-center\" style=\"font-size:clamp(14px, 0.875rem + ((1vw - 3.2px) * 0.196), 16px);\">Business Consulting Management provides comprehensive support as well as targeted complementary solutions.<\/p>\n<\/div>\n\n\n\n<div class=\"wp-block-columns is-layout-flex wp-container-core-columns-is-layout-69cf8084 wp-block-columns-is-layout-flex\" style=\"margin-top:var(--wp--preset--spacing--40)\">\n<div class=\"has-border-radius o-anim-hover wp-block-column has-background is-layout-flow wp-block-column-is-layout-flow\" style=\"background:linear-gradient(180deg,rgb(1,50,50) 0%,rgb(22,22,22) 100%);padding-top:20px;padding-right:20px;padding-bottom:20px;padding-left:20px\">\n<div class=\"wp-block-group is-nowrap is-layout-flex wp-container-core-group-is-layout-6c531013 wp-block-group-is-layout-flex\">\n<figure class=\"has-primary-bg wp-block-image size-full\"><img data-recalc-dims=\"1\" decoding=\"async\" src=\"https:\/\/i0.wp.com\/bconsultm.com\/wp-content\/themes\/consultingwp\/assets\/images\/book.png?ssl=1\" alt=\"\" class=\"wp-image-13043\"\/><\/figure>\n\n\n\n<h2 class=\"wp-block-heading has-heading-text-color-color has-text-color has-link-color wp-elements-32ccbcf2dae6441da6d491c0784380c6\" style=\"font-size:clamp(14px, 0.875rem + ((1vw - 3.2px) * 0.392), 18px);font-style:normal;font-weight:600\">Executive Strategy Program<\/h2>\n<\/div>\n\n\n\n<p style=\"font-size:clamp(14px, 0.875rem + ((1vw - 3.2px) * 0.196), 16px);\" class=\"translation-block\">All Successful Businesses Have One Thing in Common : They combine a clear strategy with effective execution.  <br>\nYet, most businesses fail\u2014not due to a lack of ideas, but because their strategy is incomplete or their execution is insufficient. <br> Do You Have a Structured Strategy That Enables Sustainable Growth? <br> Is your execution truly bringing you closer to your goals?<br> Have you anticipated all foreseeable challenges in your company's growth?<\/p>\n\n\n\n<details class=\"wp-block-details is-layout-flow wp-block-details-is-layout-flow\" open><summary>Executive Strategy Program<\/summary>\n<div class=\"wp-block-columns is-layout-flex wp-container-core-columns-is-layout-28f84493 wp-block-columns-is-layout-flex\">\n<div class=\"wp-block-column is-layout-flow wp-block-column-is-layout-flow\" style=\"flex-basis:50%\">\n<p class=\"\"><\/p>\n\n\n\n<figure class=\"wp-block-image size-full\"><img data-recalc-dims=\"1\" fetchpriority=\"high\" decoding=\"async\" width=\"2121\" height=\"1414\" src=\"https:\/\/i0.wp.com\/bconsultm.com\/wp-content\/uploads\/2025\/03\/iStock-155283801.jpg?resize=2121%2C1414&#038;ssl=1\" alt=\"\" class=\"wp-image-1617\" style=\"aspect-ratio:4\/3;object-fit:cover\" srcset=\"https:\/\/i0.wp.com\/bconsultm.com\/wp-content\/uploads\/2025\/03\/iStock-155283801.jpg?w=2121&amp;ssl=1 2121w, https:\/\/i0.wp.com\/bconsultm.com\/wp-content\/uploads\/2025\/03\/iStock-155283801.jpg?resize=300%2C200&amp;ssl=1 300w, https:\/\/i0.wp.com\/bconsultm.com\/wp-content\/uploads\/2025\/03\/iStock-155283801.jpg?resize=1024%2C683&amp;ssl=1 1024w, https:\/\/i0.wp.com\/bconsultm.com\/wp-content\/uploads\/2025\/03\/iStock-155283801.jpg?resize=768%2C512&amp;ssl=1 768w, https:\/\/i0.wp.com\/bconsultm.com\/wp-content\/uploads\/2025\/03\/iStock-155283801.jpg?resize=1536%2C1024&amp;ssl=1 1536w, https:\/\/i0.wp.com\/bconsultm.com\/wp-content\/uploads\/2025\/03\/iStock-155283801.jpg?resize=2048%2C1365&amp;ssl=1 2048w\" sizes=\"(max-width: 1000px) 100vw, 1000px\" \/><\/figure>\n<\/div>\n\n\n\n<div class=\"wp-block-column is-layout-flow wp-block-column-is-layout-flow\">\n<p class=\"\"><\/p>\n\n\n\n<p class=\"translation-block\"><strong>Description :<\/strong><br>The Executive Strategy Program ensures complete alignment between vision, strategy, and execution to maximize business performance.<\/p>\n\n\n\n<p class=\"translation-block\"><strong>Objective:<\/strong>\nTo provide structured and progressive support, ensuring that every aspect of the business is optimized and aligned for sustainable and controlled growth.<\/p>\n<\/div>\n<\/div>\n<\/details>\n<\/div>\n<\/div>\n\n\n\n<p class=\"\">TARGETED OFFERINGS<\/p>\n\n\n\n<div class=\"wp-block-columns is-layout-flex wp-container-core-columns-is-layout-e27c1ab9 wp-block-columns-is-layout-flex\" style=\"margin-top:var(--wp--preset--spacing--10)\">\n<div class=\"has-border-radius wp-block-column has-background is-layout-flow wp-block-column-is-layout-flow\" style=\"background:linear-gradient(178deg,rgb(15,67,91) 0%,rgb(48,39,55) 100%);padding-top:20px;padding-right:20px;padding-bottom:20px;padding-left:20px\">\n<div class=\"wp-block-group is-nowrap is-layout-flex wp-container-core-group-is-layout-6c531013 wp-block-group-is-layout-flex\">\n<figure class=\"has-primary-bg wp-block-image size-full\"><img data-recalc-dims=\"1\" decoding=\"async\" src=\"https:\/\/i0.wp.com\/bconsultm.com\/wp-content\/themes\/consultingwp\/assets\/images\/list.png?ssl=1\" alt=\"\" class=\"wp-image-13046\"\/><\/figure>\n\n\n\n<h2 class=\"wp-block-heading has-heading-text-color-color has-text-color has-link-color wp-elements-9a59f92e072ef2db3eee54a19ea0e0d2\" style=\"font-size:clamp(14px, 0.875rem + ((1vw - 3.2px) * 0.392), 18px);font-style:normal;font-weight:600\">Business Model Consulting<\/h2>\n<\/div>\n\n\n\n<p style=\"font-size:clamp(14px, 0.875rem + ((1vw - 3.2px) * 0.196), 16px);\" class=\"translation-block\">Targeted offering to establish a solid foundation for your business by clarifying your business model.<\/p>\n\n\n\n<details class=\"wp-block-details is-layout-flow wp-block-details-is-layout-flow\"><summary>Business Model Consulting<\/summary>\n<div class=\"wp-block-columns is-layout-flex wp-container-core-columns-is-layout-28f84493 wp-block-columns-is-layout-flex\">\n<div class=\"wp-block-column is-layout-flow wp-block-column-is-layout-flow\">\n<p class=\"translation-block\"><strong>Description :<\/strong><br>We develop a structured Business Model Canvas, enabling you to refine your positioning, identify your customer segments, and optimize your revenue streams.<\/p>\n\n\n\n<p class=\"translation-block\"><strong>Objective :<\/strong><br>To provide a clear and actionable vision of your business model and define the first strategic actions to ensure structured growth.<\/p>\n<\/div>\n\n\n\n<div class=\"wp-block-column is-layout-flow wp-block-column-is-layout-flow\" style=\"border-style:none;border-width:0px;padding-top:0px;padding-right:0px;padding-bottom:0px;padding-left:0px\">\n<figure class=\"wp-block-image size-large\"><img data-recalc-dims=\"1\" decoding=\"async\" width=\"683\" height=\"1024\" src=\"https:\/\/i0.wp.com\/bconsultm.com\/wp-content\/uploads\/2025\/02\/Business-Model.jpg?resize=683%2C1024&#038;ssl=1\" alt=\"\" class=\"wp-image-1505\" style=\"aspect-ratio:4\/3;object-fit:cover\" srcset=\"https:\/\/i0.wp.com\/bconsultm.com\/wp-content\/uploads\/2025\/02\/Business-Model-scaled.jpg?resize=683%2C1024&amp;ssl=1 683w, https:\/\/i0.wp.com\/bconsultm.com\/wp-content\/uploads\/2025\/02\/Business-Model-scaled.jpg?resize=200%2C300&amp;ssl=1 200w, https:\/\/i0.wp.com\/bconsultm.com\/wp-content\/uploads\/2025\/02\/Business-Model-scaled.jpg?resize=768%2C1152&amp;ssl=1 768w, https:\/\/i0.wp.com\/bconsultm.com\/wp-content\/uploads\/2025\/02\/Business-Model-scaled.jpg?resize=1024%2C1536&amp;ssl=1 1024w, https:\/\/i0.wp.com\/bconsultm.com\/wp-content\/uploads\/2025\/02\/Business-Model-scaled.jpg?resize=1366%2C2048&amp;ssl=1 1366w, https:\/\/i0.wp.com\/bconsultm.com\/wp-content\/uploads\/2025\/02\/Business-Model-scaled.jpg?w=1707&amp;ssl=1 1707w\" sizes=\"(max-width: 683px) 100vw, 683px\" \/><\/figure>\n<\/div>\n<\/div>\n<\/details>\n<\/div>\n<\/div>\n\n\n\n<div class=\"wp-block-columns is-layout-flex wp-container-core-columns-is-layout-e27c1ab9 wp-block-columns-is-layout-flex\" style=\"margin-top:var(--wp--preset--spacing--10)\">\n<div class=\"has-border-radius wp-block-column has-background is-layout-flow wp-block-column-is-layout-flow\" style=\"background:linear-gradient(90deg,rgb(18,33,29) 2%,rgb(34,31,31) 46%,rgb(21,28,35) 100%);padding-top:20px;padding-right:20px;padding-bottom:20px;padding-left:20px\">\n<div class=\"wp-block-group is-nowrap is-layout-flex wp-container-core-group-is-layout-6c531013 wp-block-group-is-layout-flex\">\n<figure class=\"has-primary-bg wp-block-image size-full is-resized\"><img data-recalc-dims=\"1\" decoding=\"async\" src=\"https:\/\/i0.wp.com\/bconsultm.com\/wp-content\/themes\/consultingwp\/assets\/images\/address-book.png?ssl=1\" alt=\"\" class=\"wp-image-13042\" style=\"width:35px\"\/><\/figure>\n\n\n\n<h2 class=\"wp-block-heading has-heading-text-color-color has-text-color has-link-color wp-elements-d466d75abbac707c8b967704f0dca627\" style=\"font-size:clamp(14px, 0.875rem + ((1vw - 3.2px) * 0.392), 18px);font-style:normal;font-weight:600\">Strategy Consulting<\/h2>\n<\/div>\n\n\n\n<p style=\"font-size:clamp(14px, 0.875rem + ((1vw - 3.2px) * 0.196), 16px);\" class=\"\">Targeted offering to define a clear strategy, aligned with your vision and market, enabling you to optimize your development choices.<\/p>\n\n\n\n<details class=\"wp-block-details is-layout-flow wp-block-details-is-layout-flow\"><summary>Strategy Consulting<\/summary>\n<div class=\"wp-block-columns is-layout-flex wp-container-core-columns-is-layout-28f84493 wp-block-columns-is-layout-flex\">\n<div class=\"wp-block-column is-layout-flow wp-block-column-is-layout-flow\">\n<figure class=\"wp-block-image size-large\"><img data-recalc-dims=\"1\" decoding=\"async\" width=\"1024\" height=\"683\" src=\"https:\/\/i0.wp.com\/bconsultm.com\/wp-content\/uploads\/2025\/02\/pexels-kaboompics-6229.jpg?resize=1024%2C683&#038;ssl=1\" alt=\"\" class=\"wp-image-1481\" style=\"aspect-ratio:4\/3;object-fit:cover\" srcset=\"https:\/\/i0.wp.com\/bconsultm.com\/wp-content\/uploads\/2025\/02\/pexels-kaboompics-6229-scaled.jpg?resize=1024%2C683&amp;ssl=1 1024w, https:\/\/i0.wp.com\/bconsultm.com\/wp-content\/uploads\/2025\/02\/pexels-kaboompics-6229-scaled.jpg?resize=300%2C200&amp;ssl=1 300w, https:\/\/i0.wp.com\/bconsultm.com\/wp-content\/uploads\/2025\/02\/pexels-kaboompics-6229-scaled.jpg?resize=768%2C512&amp;ssl=1 768w, https:\/\/i0.wp.com\/bconsultm.com\/wp-content\/uploads\/2025\/02\/pexels-kaboompics-6229-scaled.jpg?resize=1536%2C1024&amp;ssl=1 1536w, https:\/\/i0.wp.com\/bconsultm.com\/wp-content\/uploads\/2025\/02\/pexels-kaboompics-6229-scaled.jpg?resize=2048%2C1365&amp;ssl=1 2048w\" sizes=\"(max-width: 1000px) 100vw, 1000px\" \/><\/figure>\n<\/div>\n\n\n\n<div class=\"wp-block-column is-layout-flow wp-block-column-is-layout-flow\">\n<p class=\"translation-block\"><strong>Description :<\/strong><br>\nStructure your business strategy and define a clear roadmap to ensure growth, positioning, and medium- to long-term objectives.<\/p>\n\n\n\n<p class=\"translation-block\"><strong>Objective:<\/strong>\nDefine a clear, realistic, and distinctive corporate strategy, aligned with market challenges and the company's capabilities.<\/p>\n\n\n\n<p class=\"\"><\/p>\n<\/div>\n<\/div>\n<\/details>\n<\/div>\n<\/div>\n\n\n\n<div class=\"wp-block-columns is-layout-flex wp-container-core-columns-is-layout-e27c1ab9 wp-block-columns-is-layout-flex\" style=\"margin-top:var(--wp--preset--spacing--10)\">\n<div class=\"has-border-radius wp-block-column has-background is-layout-flow wp-block-column-is-layout-flow\" style=\"background:radial-gradient(rgb(31,43,48) 0%,rgb(32,29,29) 22%,rgb(2,21,42) 100%);padding-top:20px;padding-right:20px;padding-bottom:20px;padding-left:20px\">\n<div class=\"wp-block-group is-nowrap is-layout-flex wp-container-core-group-is-layout-6c531013 wp-block-group-is-layout-flex\">\n<figure class=\"has-primary-bg wp-block-image size-full\"><img data-recalc-dims=\"1\" decoding=\"async\" src=\"https:\/\/i0.wp.com\/bconsultm.com\/wp-content\/themes\/consultingwp\/assets\/images\/users.png?ssl=1\" alt=\"\" class=\"wp-image-13047\"\/><\/figure>\n\n\n\n<h2 class=\"wp-block-heading has-heading-text-color-color has-text-color has-link-color wp-elements-09435028abe4c315048c6249553d21ed\" style=\"font-size:clamp(14px, 0.875rem + ((1vw - 3.2px) * 0.392), 18px);font-style:normal;font-weight:600\">Strategy Execution Consulting<\/h2>\n<\/div>\n\n\n\n<p style=\"font-size:clamp(14px, 0.875rem + ((1vw - 3.2px) * 0.196), 16px);\" class=\"translation-block\">Targeted offering to ensure the alignment of your long-term strategic vision with rigorous and high-performance execution processes...<\/p>\n\n\n\n<details class=\"wp-block-details is-layout-flow wp-block-details-is-layout-flow\"><summary>Strategy Execution Consulting<\/summary>\n<div class=\"wp-block-columns is-layout-flex wp-container-core-columns-is-layout-28f84493 wp-block-columns-is-layout-flex\">\n<div class=\"wp-block-column is-layout-flow wp-block-column-is-layout-flow\">\n<p class=\"translation-block\"><strong>Description:<\/strong>\nTransform your strategic vision into measurable actions and ensure effective execution.<\/p>\n\n\n\n<p class=\"translation-block\"><strong>Objective :<\/strong><br>Maximize operational and strategic efficiency through a precise diagnosis and a concrete action plan. <br>Structure and accelerate the execution of your strategy by ensuring that every action effectively contributes to your goals.<\/p>\n\n\n\n<p class=\"\"><\/p>\n<\/div>\n\n\n\n<div class=\"wp-block-column is-layout-flow wp-block-column-is-layout-flow\" style=\"flex-basis:50%\">\n<figure class=\"wp-block-image size-full\"><img data-recalc-dims=\"1\" loading=\"lazy\" decoding=\"async\" width=\"2121\" height=\"1414\" src=\"https:\/\/i0.wp.com\/bconsultm.com\/wp-content\/uploads\/2025\/03\/iStock-825468982.jpg?resize=2121%2C1414&#038;ssl=1\" alt=\"\" class=\"wp-image-1622\" style=\"aspect-ratio:4\/3;object-fit:cover\" srcset=\"https:\/\/i0.wp.com\/bconsultm.com\/wp-content\/uploads\/2025\/03\/iStock-825468982.jpg?w=2121&amp;ssl=1 2121w, https:\/\/i0.wp.com\/bconsultm.com\/wp-content\/uploads\/2025\/03\/iStock-825468982.jpg?resize=300%2C200&amp;ssl=1 300w, https:\/\/i0.wp.com\/bconsultm.com\/wp-content\/uploads\/2025\/03\/iStock-825468982.jpg?resize=1024%2C683&amp;ssl=1 1024w, https:\/\/i0.wp.com\/bconsultm.com\/wp-content\/uploads\/2025\/03\/iStock-825468982.jpg?resize=768%2C512&amp;ssl=1 768w, https:\/\/i0.wp.com\/bconsultm.com\/wp-content\/uploads\/2025\/03\/iStock-825468982.jpg?resize=1536%2C1024&amp;ssl=1 1536w, https:\/\/i0.wp.com\/bconsultm.com\/wp-content\/uploads\/2025\/03\/iStock-825468982.jpg?resize=2048%2C1365&amp;ssl=1 2048w\" sizes=\"(max-width: 1000px) 100vw, 1000px\" \/><\/figure>\n<\/div>\n<\/div>\n<\/details>\n<\/div>\n<\/div>\n<\/div>\n<\/main>\n\n\n\n<p class=\"\"><\/p>","protected":false},"excerpt":{"rendered":"<p>Services Offres de Services de Business Consulting Management Business Consulting Management propose un accompagnement complet mais \u00e9galement des offres cibl\u00e9es Executive Strategy Program Toutes les entreprises qui r\u00e9ussissent ont une chose en commun : elles allient une strat\u00e9gie claire \u00e0 une ex\u00e9cution efficace. Pourtant la majorit\u00e9 des entreprises \u00e9chouent, non pas \u00e0 cause d\u2019un manque [&hellip;]<\/p>\n","protected":false},"author":1,"featured_media":0,"parent":0,"menu_order":0,"comment_status":"closed","ping_status":"closed","template":"","meta":{"nf_dc_page":"","_uag_custom_page_level_css":"","footnotes":""},"class_list":["post-1477","page","type-page","status-publish","hentry"],"uagb_featured_image_src":{"full":false,"thumbnail":false,"medium":false,"medium_large":false,"large":false,"1536x1536":false,"2048x2048":false,"trp-custom-language-flag":false},"uagb_author_info":{"display_name":"Basile","author_link":"https:\/\/bconsultm.com\/en\/author\/basile\/"},"uagb_comment_info":0,"uagb_excerpt":"Services Offres de Services de Business Consulting Management Business Consulting Management propose un accompagnement complet mais \u00e9galement des offres cibl\u00e9es Executive Strategy Program Toutes les entreprises qui r\u00e9ussissent ont une chose en commun : elles allient une strat\u00e9gie claire \u00e0 une ex\u00e9cution efficace. Pourtant la majorit\u00e9 des entreprises \u00e9chouent, non pas \u00e0 cause d\u2019un manque&hellip;","jetpack_sharing_enabled":true,"_links":{"self":[{"href":"https:\/\/bconsultm.com\/en\/wp-json\/wp\/v2\/pages\/1477","targetHints":{"allow":["GET"]}}],"collection":[{"href":"https:\/\/bconsultm.com\/en\/wp-json\/wp\/v2\/pages"}],"about":[{"href":"https:\/\/bconsultm.com\/en\/wp-json\/wp\/v2\/types\/page"}],"author":[{"embeddable":true,"href":"https:\/\/bconsultm.com\/en\/wp-json\/wp\/v2\/users\/1"}],"replies":[{"embeddable":true,"href":"https:\/\/bconsultm.com\/en\/wp-json\/wp\/v2\/comments?post=1477"}],"version-history":[{"count":21,"href":"https:\/\/bconsultm.com\/en\/wp-json\/wp\/v2\/pages\/1477\/revisions"}],"predecessor-version":[{"id":1722,"href":"https:\/\/bconsultm.com\/en\/wp-json\/wp\/v2\/pages\/1477\/revisions\/1722"}],"wp:attachment":[{"href":"https:\/\/bconsultm.com\/en\/wp-json\/wp\/v2\/media?parent=1477"}],"curies":[{"name":"wp","href":"https:\/\/api.w.org\/{rel}","templated":true}]}}